{"id":61,"date":"2025-03-10T06:18:25","date_gmt":"2025-03-10T06:18:25","guid":{"rendered":"https:\/\/orchid-otter-459657.hostingersite.com\/fr\/?page_id=61"},"modified":"2025-03-17T11:51:11","modified_gmt":"2025-03-17T11:51:11","slug":"cookies-policy","status":"publish","type":"page","link":"https:\/\/crazycoupons4u.com\/fr\/cookies-policy\/","title":{"rendered":"Politique relative aux cookies"},"content":{"rendered":"<h2>Informations relatives \u00e0 notre utilisation des cookies<\/h2>\n<p>Notre utilisation principale des cookies est destin\u00e9e \u00e0 am\u00e9liorer le fonctionnement de CrazyCoupons4u. En continuant \u00e0 utiliser notre site, vous acceptez nos conditions g\u00e9n\u00e9rales et notre politique en mati\u00e8re de cookies.<\/p>\n<h2>Que sont les cookies\u00a0?<\/h2>\n<p>Les cookies sont de minuscules informations qui sont transf\u00e9r\u00e9es via notre site web vers l&#8217;ordinateur de l&#8217;internaute afin de m\u00e9moriser votre identit\u00e9. Ils sont utilis\u00e9s par la quasi-totalit\u00e9 des pages web principales. Sans ces cookies, il est difficile pour un vendeur de proposer des achats \u00e0 ses clients. Si un site web ne se souvient pas de vous, il ne peut pas facilement vous permettre d&#8217;ajouter des articles \u00e0 votre panier et ne vous reconna\u00eetra pas pour une consultation ult\u00e9rieure.<\/p>\n<h2>S\u00e9curit\u00e9 et confidentialit\u00e9<\/h2>\n<p>Nous utilisons des cookies sur notre plateforme et veillons \u00e0 ce que chaque utilisateur soit assur\u00e9 que notre site web ne divulgue aucune information vous concernant. Nous optimisons l&#8217;utilisation de vos donn\u00e9es pour vous offrir une meilleure exp\u00e9rience \u00e0 chaque visite.<\/p>\n<h2>Inscription et abonnement<\/h2>\n<p>Pour vous garantir une exp\u00e9rience optimale lors de votre inscription sur notre site web, nous utilisons des cookies et simplifions le processus en confirmant vos \u00e9tapes. Gr\u00e2ce \u00e0 nos cookies, nous identifions vos visites fr\u00e9quentes et vous proposons des offres que nous ne partageons pas avec nos nouveaux visiteurs.<\/p>\n<h2>Personnalisation des clients<\/h2>\n<p>Afin de permettre une personnalisation compl\u00e8te de notre site web, CrazyCoupons4u utilise des cookies. Ceux-ci nous aident \u00e0 identifier votre comportement et \u00e0 \u00e9valuer vos choix d&#8217;achat. Ainsi, nous vous proposons de meilleurs produits, en fonction de vos pr\u00e9f\u00e9rences, que vous recherchez sur notre plateforme.<\/p>\n<h2>Statistiques et analyses<\/h2>\n<p>Nous utilisons \u00e9galement nos cookies pour identifier tous nos utilisateurs et conna\u00eetre leur localisation. Apr\u00e8s avoir identifi\u00e9 qui sont nos visiteurs et o\u00f9 ils se trouvent, nous pouvons apporter des am\u00e9liorations \u00e0 CrazyCoupons4u. Ces donn\u00e9es nous aident \u00e9galement \u00e0 corriger les erreurs et probl\u00e8mes sur notre site web.<\/p>\n<p>Notre site utilise ces informations de cookies pour am\u00e9liorer votre exp\u00e9rience sur CrazyCoupons4u et identifier les pages les plus visit\u00e9es. Cela nous aide \u00e0 identifier les pages n\u00e9cessitant le plus d&#8217;am\u00e9liorations. Partage de cookies tiers<\/p>\n<p>Nous utilisons diff\u00e9rents cookies tiers qui nous permettent de personnaliser nos informations et publicit\u00e9s. Ces cookies sont s\u00e9curis\u00e9s pour tous nos clients. Nous ne partageons aucune information personnelle de nos utilisateurs avec leurs partenaires. Vous pouvez donc naviguer sur notre site en toute confiance quant \u00e0 la confidentialit\u00e9 de vos donn\u00e9es.<\/p>\n<p>Nous tenons \u00e0 informer tous nos visiteurs que les tiers avec lesquels nous collaborons peuvent \u00e9galement utiliser des cookies. Cependant, nous n&#8217;avons aucun droit sur leurs cookies et ne sommes pas responsables de leurs r\u00e8gles et pratiques relatives \u00e0 leur politique en mati\u00e8re de cookies. Il s&#8217;agit tr\u00e8s probablement de cookies analytiques ou de cookies de ciblage.<\/p>\n","protected":false},"excerpt":{"rendered":"<p>Informations relatives \u00e0 notre utilisation des cookies Notre utilisation principale des cookies est destin\u00e9e \u00e0 am\u00e9liorer le fonctionnement de CrazyCoupons4u. En continuant \u00e0 utiliser notre site, vous acceptez nos conditions g\u00e9n\u00e9rales et notre politique en mati\u00e8re de cookies. Que sont les cookies\u00a0? Les cookies sont de minuscules informations qui sont transf\u00e9r\u00e9es via notre site web [&hellip;]<\/p>\n","protected":false},"author":1,"featured_media":0,"parent":0,"menu_order":9,"comment_status":"closed","ping_status":"closed","template":"","meta":{"_acf_changed":false,"footnotes":""},"class_list":["post-61","page","type-page","status-publish","hentry"],"acf":[],"_links":{"self":[{"href":"https:\/\/crazycoupons4u.com\/fr\/wp-json\/wp\/v2\/pages\/61","targetHints":{"allow":["GET"]}}],"collection":[{"href":"https:\/\/crazycoupons4u.com\/fr\/wp-json\/wp\/v2\/pages"}],"about":[{"href":"https:\/\/crazycoupons4u.com\/fr\/wp-json\/wp\/v2\/types\/page"}],"author":[{"embeddable":true,"href":"https:\/\/crazycoupons4u.com\/fr\/wp-json\/wp\/v2\/users\/1"}],"replies":[{"embeddable":true,"href":"https:\/\/crazycoupons4u.com\/fr\/wp-json\/wp\/v2\/comments?post=61"}],"version-history":[{"count":3,"href":"https:\/\/crazycoupons4u.com\/fr\/wp-json\/wp\/v2\/pages\/61\/revisions"}],"predecessor-version":[{"id":244,"href":"https:\/\/crazycoupons4u.com\/fr\/wp-json\/wp\/v2\/pages\/61\/revisions\/244"}],"wp:attachment":[{"href":"https:\/\/crazycoupons4u.com\/fr\/wp-json\/wp\/v2\/media?parent=61"}],"curies":[{"name":"wp","href":"https:\/\/api.w.org\/{rel}","templated":true}]}}