{"id":59,"date":"2025-03-10T06:17:43","date_gmt":"2025-03-10T06:17:43","guid":{"rendered":"https:\/\/orchid-otter-459657.hostingersite.com\/es\/?page_id=59"},"modified":"2025-08-16T11:07:09","modified_gmt":"2025-08-16T11:07:09","slug":"privacy-policy","status":"publish","type":"page","link":"https:\/\/crazycoupons4u.com\/pl\/privacy-policy\/","title":{"rendered":"Polityka prywatno\u015bci"},"content":{"rendered":"<h2>Przed po\u0142\u0105czeniem zapoznaj si\u0119 z nasz\u0105 Polityk\u0105 prywatno\u015bci<br \/>\nUmowa g\u0142\u00f3wna z CrazyCoupons4u<\/h2>\n<p>CrazyCoupons4u w pe\u0142ni akceptuje poni\u017csz\u0105 polityk\u0119 prywatno\u015bci, kt\u00f3ra jasno wyja\u015bnia, jak dzia\u0142a nasza strona.<\/p>\n<p>Je\u015bli nie zgadzasz si\u0119 z kt\u00f3rymkolwiek z naszych warunk\u00f3w, zalecamy natychmiastow\u0105 rezygnacj\u0119 z subskrypcji. Najprostszym sposobem na odwiedzenie naszej strony jest https:\/\/CrazyCoupons4u.com\/. Przed kontynuowaniem zapoznaj si\u0119 z informacjami dotycz\u0105cymi sposobu, w jaki b\u0119dziemy wykorzystywa\u0107 Twoje dane niezb\u0119dne do realizacji procedur dotycz\u0105cych kod\u00f3w rabatowych dla firm. Dlatego zalecamy uwa\u017cne przeczytanie ka\u017cdego punktu.<\/p>\n<h2>O gromadzeniu informacji o u\u017cytkownikach<\/h2>\n<p><strong>Nie gromadzimy \u017cadnych innych danych osobowych naszych u\u017cytkownik\u00f3w, poza poni\u017cszymi:<\/strong><\/p>\n<ul>\n<li>Informacje \u015bledz\u0105ce, takie jak adres IP i szczeg\u00f3\u0142y nazwy domeny<\/li>\n<li>Ca\u0142kowity czas przegl\u0105dania przez u\u017cytkownika oficjalnej witryny CrazyCoupons4u<\/li>\n<li>Informacje o przegl\u0105darce internetowej i szczeg\u00f3\u0142y systemu operacyjnego<\/li>\n<li>Og\u00f3lne statystyki sklep\u00f3w, kt\u00f3re u\u017cytkownik zrecenzowa\u0142<\/li>\n<li>Adres e-mail w przypadku subskrypcji i rejestracji<\/li>\n<\/ul>\n<p>CrazyCoupons4u to firma zaanga\u017cowana w ochron\u0119 Twoich danych. Nie ujawniamy, nie cedujemy, nie sprzedajemy ani nie udost\u0119pniamy Twoich danych osobom trzecim pod \u017cadnym pozorem.<\/p>\n<p>Zach\u0119camy Ci\u0119 r\u00f3wnie\u017c do skorzystania z prawa do aktualizacji wszelkich nieprawid\u0142owych danych osobowych, kt\u00f3re nam przekaza\u0142e\u015b. Masz bezwzgl\u0119dne prawo do poprawienia wszelkich b\u0142\u0119dnie zinterpretowanych informacji, pod warunkiem wyra\u017anej zgody.<\/p>\n<h2>Prawid\u0142owe wykorzystanie danych u\u017cytkownika<\/h2>\n<p>Prawid\u0142owe wykorzystanie danych u\u017cytkownika ogranicza si\u0119 do cel\u00f3w administracyjnych i technicznych CrazyCoupons4u. Mo\u017ce to pom\u00f3c w zliczeniu \u0142\u0105cznej liczby stron regularnie odwiedzanych przez u\u017cytkownika. Obejmuje to r\u00f3wnie\u017c analiz\u0119 \u0142\u0105cznej liczby wizyt na oficjalnej stronie CrazyCoupons4u. Ponadto nasza strona mo\u017ce wykorzystywa\u0107 te informacje do badania \u017ar\u00f3de\u0142 polece\u0144 i r\u00f3\u017cnych technologii, za po\u015brednictwem kt\u00f3rych u\u017cytkownik uzyskuje dost\u0119p do naszej witryny.<\/p>\n<p><strong>Mo\u017cemy uzyska\u0107 dost\u0119p do tych danych, aby usprawni\u0107 dzia\u0142anie CrazyCoupons4u. Na przyk\u0142ad,<\/strong><\/p>\n<ul>\n<li>Poprawa prywatno\u015bci i bezpiecze\u0144stwa dla naszych klient\u00f3w<\/li>\n<li>Om\u00f3wienie r\u00f3\u017cnych us\u0142ug i funkcji naszej strony internetowej<\/li>\n<li>Odpowiadanie na wszystkie komentarze i zapytania od ka\u017cdego z naszych klient\u00f3w<\/li>\n<li>Dystrybucja informacji promocyjnych do u\u017cytkownik\u00f3w, takich jak newslettery<\/li>\n<li>Marketing przychodz\u0105cy z ulepszonymi reklamami i pakietami<\/li>\n<\/ul>\n<p>Opr\u00f3cz tego mo\u017cemy wykorzysta\u0107 Twoje dane w celu sprawdzenia r\u00f3\u017cnych b\u0142\u0119d\u00f3w na naszej stronie internetowej, a tak\u017ce w celu rozpatrzenia wniosk\u00f3w CrazyCoupons4u.<\/p>\n<h2>Nieskazitelno\u015b\u0107 wobec innych firm<\/h2>\n<p>CrazyCoupons4u nie ponosi odpowiedzialno\u015bci za dost\u0119p do informacji stron trzecich z innych stron internetowych. Udost\u0119pniamy linki do innych stron internetowych, aby pom\u00f3c naszym klientom. Nie ponosimy jednak odpowiedzialno\u015bci za ich polityk\u0119 prywatno\u015bci ani praktyki.<\/p>\n<p>Zalecamy zapoznanie si\u0119 z ich regulaminem i kodeksem post\u0119powania przed zezwoleniem innej stronie internetowej na przechowywanie danych. Informujemy, \u017ce nie ponosimy odpowiedzialno\u015bci za jakiekolwiek skutki, jakie mog\u0105 wynikn\u0105\u0107 z korzystania z innych stron internetowych. Wszystkie nasze umowy dotycz\u0105ce polityki prywatno\u015bci stanowi\u0105 wy\u0142\u0105czn\u0105 odpowiedzialno\u015b\u0107 CrazyCoupons4u.<\/p>\n<h2>Zmiany w Polityce Prywatno\u015bci<\/h2>\n<p>CrazyCoupons4u nie planuje \u017cadnych zmian w niniejszej Polityce Prywatno\u015bci w najbli\u017cszej przysz\u0142o\u015bci. Zastrzegamy sobie jednak prawo do jej przegl\u0105du lub modyfikacji w razie potrzeby. Wszelkie zmiany b\u0119d\u0105 publikowane na stronie internetowej.<\/p>\n<p>Ponosisz wy\u0142\u0105czn\u0105 odpowiedzialno\u015b\u0107 za przestrzeganie niniejszej Polityki Prywatno\u015bci oraz za ocen\u0119 wszelkich zmian, je\u015bli CrazyCoupons4u j\u0105 zaktualizuje. Je\u015bli stwierdzimy, \u017ce nadal korzystasz z naszej strony internetowej, nawet po wprowadzeniu zmian, uznamy to za akceptacj\u0119 i potwierdzenie, \u017ce korzystasz z naszej strony internetowej i oferowanych przez nas ofert.<\/p>\n","protected":false},"excerpt":{"rendered":"<p>Przed po\u0142\u0105czeniem zapoznaj si\u0119 z nasz\u0105 Polityk\u0105 prywatno\u015bci Umowa g\u0142\u00f3wna z CrazyCoupons4u CrazyCoupons4u w pe\u0142ni akceptuje poni\u017csz\u0105 polityk\u0119 prywatno\u015bci, kt\u00f3ra jasno wyja\u015bnia, jak dzia\u0142a nasza strona. Je\u015bli nie zgadzasz si\u0119 z kt\u00f3rymkolwiek z naszych warunk\u00f3w, zalecamy natychmiastow\u0105 rezygnacj\u0119 z subskrypcji. Najprostszym sposobem na odwiedzenie naszej strony jest https:\/\/CrazyCoupons4u.com\/. Przed kontynuowaniem zapoznaj si\u0119 z informacjami dotycz\u0105cymi [&hellip;]<\/p>\n","protected":false},"author":1,"featured_media":0,"parent":0,"menu_order":6,"comment_status":"closed","ping_status":"closed","template":"","meta":{"_acf_changed":false,"footnotes":""},"class_list":["post-59","page","type-page","status-publish","hentry"],"acf":[],"_links":{"self":[{"href":"https:\/\/crazycoupons4u.com\/pl\/wp-json\/wp\/v2\/pages\/59","targetHints":{"allow":["GET"]}}],"collection":[{"href":"https:\/\/crazycoupons4u.com\/pl\/wp-json\/wp\/v2\/pages"}],"about":[{"href":"https:\/\/crazycoupons4u.com\/pl\/wp-json\/wp\/v2\/types\/page"}],"author":[{"embeddable":true,"href":"https:\/\/crazycoupons4u.com\/pl\/wp-json\/wp\/v2\/users\/1"}],"replies":[{"embeddable":true,"href":"https:\/\/crazycoupons4u.com\/pl\/wp-json\/wp\/v2\/comments?post=59"}],"version-history":[{"count":6,"href":"https:\/\/crazycoupons4u.com\/pl\/wp-json\/wp\/v2\/pages\/59\/revisions"}],"predecessor-version":[{"id":1045,"href":"https:\/\/crazycoupons4u.com\/pl\/wp-json\/wp\/v2\/pages\/59\/revisions\/1045"}],"wp:attachment":[{"href":"https:\/\/crazycoupons4u.com\/pl\/wp-json\/wp\/v2\/media?parent=59"}],"curies":[{"name":"wp","href":"https:\/\/api.w.org\/{rel}","templated":true}]}}