{"id":61,"date":"2025-03-10T06:18:25","date_gmt":"2025-03-10T06:18:25","guid":{"rendered":"https:\/\/orchid-otter-459657.hostingersite.com\/es\/?page_id=61"},"modified":"2025-08-16T11:03:50","modified_gmt":"2025-08-16T11:03:50","slug":"cookies-policy","status":"publish","type":"page","link":"https:\/\/crazycoupons4u.com\/pl\/cookies-policy\/","title":{"rendered":"Polityka plik\u00f3w cookie"},"content":{"rendered":"<h2>Informacje o wykorzystaniu plik\u00f3w cookies<\/h2>\n<p>U\u017cywamy plik\u00f3w cookie g\u0142\u00f3wnie w celu ulepszenia serwisu CrazyCoupons4u. Kontynuuj\u0105c korzystanie z naszej witryny, akceptujesz nasz regulamin i polityk\u0119 plik\u00f3w cookie.<\/p>\n<h2>Co to s\u0105 pliki cookie?<\/h2>\n<p>Pliki cookie to ma\u0142e pliki tekstowe, kt\u00f3re s\u0105 wysy\u0142ane przez nasz\u0105 stron\u0119 internetow\u0105 do komputera u\u017cytkownika w celu zapami\u0119tania jego to\u017csamo\u015bci. Korzysta z nich praktycznie ka\u017cda du\u017ca strona internetowa. Bez tych plik\u00f3w cookie sprzedawcy detaliczni maj\u0105 trudno\u015bci z umo\u017cliwieniem klientom dokonywania zakup\u00f3w. Je\u015bli strona internetowa Ci\u0119 nie zapami\u0119ta, nie b\u0119dziesz m\u00f3g\u0142 dodawa\u0107 produkt\u00f3w do koszyka ani identyfikowa\u0107 Ci\u0119 w przysz\u0142o\u015bci.<\/p>\n<h2>Bezpiecze\u0144stwo i prywatno\u015b\u0107<\/h2>\n<p>Na naszej platformie u\u017cywamy plik\u00f3w cookie i gwarantujemy, \u017ce \u017caden u\u017cytkownik nie ujawni swoich danych. Maksymalnie wykorzystujemy Twoje dane, aby zapewni\u0107 Ci lepsze wra\u017cenia za ka\u017cdym razem, gdy nas odwiedzasz.<\/p>\n<h2>Rejestracja i subskrypcja<\/h2>\n<p>Aby zapewni\u0107 Ci komfortowe korzystanie z naszej witryny, u\u017cywamy plik\u00f3w cookie i upraszczamy proces, potwierdzaj\u0105c kolejne kroki. Za pomoc\u0105 plik\u00f3w cookie rozpoznajemy, czy jeste\u015b cz\u0119stym u\u017cytkownikiem i wy\u015bwietlamy Ci oferty, kt\u00f3rymi nie dzielimy si\u0119 z osobami odwiedzaj\u0105cymi nasz\u0105 witryn\u0119 po raz pierwszy.<\/p>\n<h2>Personalizacja klienta<\/h2>\n<p>Aby umo\u017cliwi\u0107 kompleksow\u0105 personalizacj\u0119 naszej strony internetowej, CrazyCoupons4u korzysta z plik\u00f3w cookie. Pomagaj\u0105 nam one identyfikowa\u0107 Twoje zachowania i ocenia\u0107 Twoje preferencje zakupowe. Dzi\u0119ki temu mo\u017cemy oferowa\u0107 Ci lepsze produkty, kt\u00f3rych mo\u017cesz szuka\u0107 na naszej platformie.<\/p>\n<h2>Statystyki i analizy<\/h2>\n<p>U\u017cywamy r\u00f3wnie\u017c plik\u00f3w cookie do identyfikacji wszystkich naszych u\u017cytkownik\u00f3w i ich lokalizacji. Identyfikuj\u0105c odwiedzaj\u0105cych i ich lokalizacj\u0119, mo\u017cemy wdra\u017ca\u0107 ulepszenia w CrazyCoupons4u. Dane te pomagaj\u0105 nam r\u00f3wnie\u017c korygowa\u0107 b\u0142\u0119dy i problemy na naszej stronie internetowej.<\/p>\n<p>Nasza strona korzysta z informacji o plikach cookie, aby uprzyjemni\u0107 Ci korzystanie z CrazyCoupons4u i zrozumie\u0107, kt\u00f3re strony s\u0105 najcz\u0119\u015bciej odwiedzane. Pomaga nam to okre\u015bli\u0107, kt\u00f3re strony wymagaj\u0105 dalszych ulepsze\u0144.<\/p>\n<h2>Udost\u0119pnianie plik\u00f3w cookie stron trzecich<\/h2>\n<p>U\u017cywamy r\u00f3\u017cnych plik\u00f3w cookie stron trzecich, kt\u00f3re pomagaj\u0105 nam dostarcza\u0107 spersonalizowane informacje i reklamy. Te pliki cookie s\u0105 bezpieczne dla wszystkich naszych klient\u00f3w. Zazwyczaj nie udost\u0119pniamy danych osobowych naszych u\u017cytkownik\u00f3w stronom trzecim. Zawsze mo\u017cesz odwiedzi\u0107 nasz\u0105 stron\u0119 z pewno\u015bci\u0105, \u017ce Twoje dane s\u0105 chronione.<\/p>\n<p>Chcemy poinformowa\u0107 wszystkich odwiedzaj\u0105cych, \u017ce strony trzecie, z kt\u00f3rymi wsp\u00f3\u0142pracujemy, r\u00f3wnie\u017c mog\u0105 u\u017cywa\u0107 plik\u00f3w cookie. Nie mamy jednak \u017cadnych praw do tych plik\u00f3w cookie ani nie ponosimy odpowiedzialno\u015bci za ich zasady i praktyki dotycz\u0105ce polityki plik\u00f3w cookie. S\u0105 to prawdopodobnie pliki cookie analityczne lub inne pliki cookie wykorzystywane do targetowania.<\/p>\n","protected":false},"excerpt":{"rendered":"<p>Informacje o wykorzystaniu plik\u00f3w cookies U\u017cywamy plik\u00f3w cookie g\u0142\u00f3wnie w celu ulepszenia serwisu CrazyCoupons4u. Kontynuuj\u0105c korzystanie z naszej witryny, akceptujesz nasz regulamin i polityk\u0119 plik\u00f3w cookie. Co to s\u0105 pliki cookie? Pliki cookie to ma\u0142e pliki tekstowe, kt\u00f3re s\u0105 wysy\u0142ane przez nasz\u0105 stron\u0119 internetow\u0105 do komputera u\u017cytkownika w celu zapami\u0119tania jego to\u017csamo\u015bci. Korzysta z nich [&hellip;]<\/p>\n","protected":false},"author":1,"featured_media":0,"parent":0,"menu_order":5,"comment_status":"closed","ping_status":"closed","template":"","meta":{"_acf_changed":false,"footnotes":""},"class_list":["post-61","page","type-page","status-publish","hentry"],"acf":[],"_links":{"self":[{"href":"https:\/\/crazycoupons4u.com\/pl\/wp-json\/wp\/v2\/pages\/61","targetHints":{"allow":["GET"]}}],"collection":[{"href":"https:\/\/crazycoupons4u.com\/pl\/wp-json\/wp\/v2\/pages"}],"about":[{"href":"https:\/\/crazycoupons4u.com\/pl\/wp-json\/wp\/v2\/types\/page"}],"author":[{"embeddable":true,"href":"https:\/\/crazycoupons4u.com\/pl\/wp-json\/wp\/v2\/users\/1"}],"replies":[{"embeddable":true,"href":"https:\/\/crazycoupons4u.com\/pl\/wp-json\/wp\/v2\/comments?post=61"}],"version-history":[{"count":7,"href":"https:\/\/crazycoupons4u.com\/pl\/wp-json\/wp\/v2\/pages\/61\/revisions"}],"predecessor-version":[{"id":1044,"href":"https:\/\/crazycoupons4u.com\/pl\/wp-json\/wp\/v2\/pages\/61\/revisions\/1044"}],"wp:attachment":[{"href":"https:\/\/crazycoupons4u.com\/pl\/wp-json\/wp\/v2\/media?parent=61"}],"curies":[{"name":"wp","href":"https:\/\/api.w.org\/{rel}","templated":true}]}}