{"id":63,"date":"2025-03-10T06:19:01","date_gmt":"2025-03-10T06:19:01","guid":{"rendered":"https:\/\/orchid-otter-459657.hostingersite.com\/es\/?page_id=63"},"modified":"2025-08-16T11:00:49","modified_gmt":"2025-08-16T11:00:49","slug":"imprint","status":"publish","type":"page","link":"https:\/\/crazycoupons4u.com\/pl\/imprint\/","title":{"rendered":"Odcisk"},"content":{"rendered":"<h2>dane kontaktowe<\/h2>\n<p><strong>W\u0142a\u015bciciel:<\/strong> Crazycoupons4u Inc.<\/p>\n<p><strong>ADRES:<\/strong><\/p>\n<p>Waterville, Old Glenamuck Road<br \/>\nDublin, Leinster<br \/>\nD18 Y861<br \/>\nIreland<\/p>\n<p><strong>Wy\u015blij nam e-mail:<\/strong> <a href=\"mailto:contact@crazycoupons4u.com\">contact@crazycoupons4u.com<\/a><\/p>\n<p><strong>Zadzwo\u0144 do nas:<\/strong> <a href=\"tel:+12132592427\">+1 (213) 259-2427<\/a>\u00a0(Dublin, Leinster)<\/p>\n","protected":false},"excerpt":{"rendered":"<p>dane kontaktowe W\u0142a\u015bciciel: Crazycoupons4u Inc. ADRES: Waterville, Old Glenamuck Road Dublin, Leinster D18 Y861 Ireland Wy\u015blij nam e-mail: contact@crazycoupons4u.com Zadzwo\u0144 do nas: +1 (213) 259-2427\u00a0(Dublin, Leinster)<\/p>\n","protected":false},"author":1,"featured_media":0,"parent":0,"menu_order":1,"comment_status":"closed","ping_status":"closed","template":"","meta":{"_acf_changed":false,"footnotes":""},"class_list":["post-63","page","type-page","status-publish","hentry"],"acf":[],"_links":{"self":[{"href":"https:\/\/crazycoupons4u.com\/pl\/wp-json\/wp\/v2\/pages\/63","targetHints":{"allow":["GET"]}}],"collection":[{"href":"https:\/\/crazycoupons4u.com\/pl\/wp-json\/wp\/v2\/pages"}],"about":[{"href":"https:\/\/crazycoupons4u.com\/pl\/wp-json\/wp\/v2\/types\/page"}],"author":[{"embeddable":true,"href":"https:\/\/crazycoupons4u.com\/pl\/wp-json\/wp\/v2\/users\/1"}],"replies":[{"embeddable":true,"href":"https:\/\/crazycoupons4u.com\/pl\/wp-json\/wp\/v2\/comments?post=63"}],"version-history":[{"count":6,"href":"https:\/\/crazycoupons4u.com\/pl\/wp-json\/wp\/v2\/pages\/63\/revisions"}],"predecessor-version":[{"id":1042,"href":"https:\/\/crazycoupons4u.com\/pl\/wp-json\/wp\/v2\/pages\/63\/revisions\/1042"}],"wp:attachment":[{"href":"https:\/\/crazycoupons4u.com\/pl\/wp-json\/wp\/v2\/media?parent=63"}],"curies":[{"name":"wp","href":"https:\/\/api.w.org\/{rel}","templated":true}]}}